{"id":33,"date":"2019-02-02T10:10:19","date_gmt":"2019-02-02T09:10:19","guid":{"rendered":"http:\/\/www.webviertel.at\/alphavelvet\/?page_id=33"},"modified":"2024-03-01T22:51:58","modified_gmt":"2024-03-01T21:51:58","slug":"ueber","status":"publish","type":"page","link":"http:\/\/www.webviertel.at\/alphavelvet\/ueber\/","title":{"rendered":"Alles wegen der Bilder."},"content":{"rendered":"\n<p><\/p>\n\n\n\n<p>Wie man wohl erkennen kann, ist das hier kein gew\u00f6hnliches Webcomic.<\/p>\n\n\n\n<p>Es entsteht nicht nach einem grundlegenden Script. Nein, es entsteht aus Bildern! Bilder, die in meinem Kopf erscheinen. Die sind einfach da. Kommen pl\u00f6tzlich und verlangen nach meiner Aufmerksamkeit. Sie gehen nicht mehr weg. Was Alpha Velvet ausmacht ist mein Versuch, die Bilder durch etwas, das einer Geschichte \u00e4hnelt zu verbinden. Br\u00fccken zwischen schwebenden Ballons. Und dann arbeite ich an einem Handlungsstrang und pl\u00f6tzlich erscheint ein neues Bild.In dieser Situation ein absolut ungebetener Gast. V\u00f6llig unpassend sitzt dieser schadenfroh grinsende fette Kerl mitten auf meinem sch\u00f6nen Handlungsstrang und gibt mir zu verstehen, dass an ihm kein Weg vorbei f\u00fchrt. Ich mu\u00df ihn einbauen um weiter zu kommen. Ganz egal, wie ich das bewerkstelligen soll. Ihr, liebe Leser k\u00f6nnt nun ein Spiel spielen und versuchen herrauszufinden, welche Bilder es sind, die die Handlung beeinflussen.<\/p>\n\n\n\n<p>Tja, so geht das hier.<\/p>\n\n\n\n<p>Viel Spa\u00df beim raten. Und lasst ein Comment da, wenn ihr euch sicher seid.<\/p>\n\n\n\n<p>Michael<\/p>\n\n\n\n<figure class=\"wp-block-image is-resized\"><img loading=\"lazy\" decoding=\"async\" width=\"1024\" height=\"427\" src=\"http:\/\/www.webviertel.at\/alphavelvet\/wp-content\/uploads\/2019\/02\/sam-karaw-600-250-1024x427.png\" alt=\"\" class=\"wp-image-150\" srcset=\"http:\/\/www.webviertel.at\/alphavelvet\/wp-content\/uploads\/2019\/02\/sam-karaw-600-250-1024x427.png 1024w, http:\/\/www.webviertel.at\/alphavelvet\/wp-content\/uploads\/2019\/02\/sam-karaw-600-250-300x125.png 300w, http:\/\/www.webviertel.at\/alphavelvet\/wp-content\/uploads\/2019\/02\/sam-karaw-600-250-768x320.png 768w\" sizes=\"auto, (max-width: 1024px) 100vw, 1024px\" \/><\/figure>\n\n\n\n<p><strong>It&#8217;s all about the pictures.<\/strong><br>As you can see, this is no ordinary webcomic.<br>It is not created after a basic script. No, it&#8217;s made of pictures.<br>Pictures that appear in my head. They&#8217;re just there. Coming suddenly and demand my attention. They won&#8217;t leave. What makes Alpha Velvet is my attempt to connect the images with something that resembles a story. Bridges between floating balloons.<br>And then I&#8217;m working on a plot line, and suddenly a new picture appears.<br>In this situation, an absolutely uninvited guest, completely inappropriate. This grinning fat guy sits in the middle of my beautiful storyline and lets me know that I can&#8217;t get past him. I have to put it in to move on. I don&#8217;t know how, but I&#8217;m supposed to do it.<br>Well, that&#8217;s how it works.<br>You, dear readers, can now play a game, and try to find out which images are influencing the plot.<br>Have fun guessing. And leave a comment if you&#8217;re sure.<\/p>\n\n\n\n<p>Michael<\/p>\n\n\n\n<p><\/p>\n\n\n\n<p><br><\/p>\n","protected":false},"excerpt":{"rendered":"<p>Wie man wohl erkennen kann, ist das hier kein gew\u00f6hnliches Webcomic. Es entsteht nicht nach einem grundlegenden Script. Nein, es entsteht aus Bildern! Bilder, die in meinem Kopf erscheinen. Die sind einfach da. Kommen pl\u00f6tzlich und verlangen nach meiner Aufmerksamkeit. [&hellip;]<a class=\"more-link\" href=\"http:\/\/www.webviertel.at\/alphavelvet\/ueber\/\">&darr; Lese den Rest von diesem Eintrag&#8230;<\/a><\/p>\n","protected":false},"author":1,"featured_media":0,"parent":0,"menu_order":4,"comment_status":"closed","ping_status":"closed","template":"","meta":{"footnotes":""},"class_list":["post-33","page","type-page","status-publish","hentry","uentry","postonpage-1","odd","post-author-michael"],"_links":{"self":[{"href":"http:\/\/www.webviertel.at\/alphavelvet\/wp-json\/wp\/v2\/pages\/33","targetHints":{"allow":["GET"]}}],"collection":[{"href":"http:\/\/www.webviertel.at\/alphavelvet\/wp-json\/wp\/v2\/pages"}],"about":[{"href":"http:\/\/www.webviertel.at\/alphavelvet\/wp-json\/wp\/v2\/types\/page"}],"author":[{"embeddable":true,"href":"http:\/\/www.webviertel.at\/alphavelvet\/wp-json\/wp\/v2\/users\/1"}],"replies":[{"embeddable":true,"href":"http:\/\/www.webviertel.at\/alphavelvet\/wp-json\/wp\/v2\/comments?post=33"}],"version-history":[{"count":13,"href":"http:\/\/www.webviertel.at\/alphavelvet\/wp-json\/wp\/v2\/pages\/33\/revisions"}],"predecessor-version":[{"id":636,"href":"http:\/\/www.webviertel.at\/alphavelvet\/wp-json\/wp\/v2\/pages\/33\/revisions\/636"}],"wp:attachment":[{"href":"http:\/\/www.webviertel.at\/alphavelvet\/wp-json\/wp\/v2\/media?parent=33"}],"curies":[{"name":"wp","href":"https:\/\/api.w.org\/{rel}","templated":true}]}}