{"id":274,"date":"2017-01-31T16:29:52","date_gmt":"2017-01-31T15:29:52","guid":{"rendered":"http:\/\/www.webviertel.at\/hsfamilblog\/?page_id=274"},"modified":"2019-03-10T16:08:49","modified_gmt":"2019-03-10T15:08:49","slug":"274-2","status":"publish","type":"page","link":"http:\/\/www.webviertel.at\/hsfamilblog\/sachbuecher-und-lebensratgeber\/274-2\/","title":{"rendered":"Mein Kind ist hochsensibel"},"content":{"rendered":"<p>Das Buch Mein Kind ist hochsensibel- was Tun von Rolf Sellin hat mir sehr geholfen.<\/p>\n<p>Ich konnte endlich gewisse Handlungen unserer Kinder verstehen und dadurch viel besser damit klar kommen.<\/p>\n<p>Ich selber fand auch zu meiner eigenen Hochsensibilit\u00e4t. Ich lerne dazu zu stehen und damit umzugehen. Was auch sehr wichtig f\u00fcr meine Kinder ist.<\/p>\n<p>Oft hilft es den Kind einen Namen zu geben und genau das konnte ich mit diesen Buch.<\/p>\n<p>Mir wahr es m\u00f6glich in die Welt meiner Kinder einzutauchen.<\/p>\n<p>Ich erfuhr warum mein Sohn so viel die n\u00e4he und die Brust braucht wenn wir wo auf Besuch sind . Warum gro\u00df Veranstaltungen f\u00fcr uns alle\u00a0 die reinste Folter sind.<\/p>\n<p>Auch das meine Tochter bestimmte Begebenheiten immer und immer wieder braucht und daher zu richtigen Ritualen\u00a0 f\u00fcr sie werden.<\/p>\n<p>Es \u00f6ffnete mir in vielen Sachen die Augen und wahr ein reinste Segen f\u00fcr uns.<\/p>\n","protected":false},"excerpt":{"rendered":"<p>Das Buch Mein Kind ist hochsensibel- was Tun von Rolf Sellin hat mir sehr geholfen. Ich konnte endlich gewisse Handlungen unserer Kinder verstehen und dadurch viel besser damit klar kommen. Ich selber fand auch zu meiner eigenen Hochsensibilit\u00e4t. Ich lerne <a class=\"more-link\" href=\"http:\/\/www.webviertel.at\/hsfamilblog\/sachbuecher-und-lebensratgeber\/274-2\/\">weiterlesen  <span class=\"screen-reader-text\">  Mein Kind ist hochsensibel<\/span><span class=\"meta-nav\">&rarr;<\/span><\/a><\/p>\n","protected":false},"author":1,"featured_media":0,"parent":277,"menu_order":0,"comment_status":"closed","ping_status":"closed","template":"","meta":[],"_links":{"self":[{"href":"http:\/\/www.webviertel.at\/hsfamilblog\/wp-json\/wp\/v2\/pages\/274"}],"collection":[{"href":"http:\/\/www.webviertel.at\/hsfamilblog\/wp-json\/wp\/v2\/pages"}],"about":[{"href":"http:\/\/www.webviertel.at\/hsfamilblog\/wp-json\/wp\/v2\/types\/page"}],"author":[{"embeddable":true,"href":"http:\/\/www.webviertel.at\/hsfamilblog\/wp-json\/wp\/v2\/users\/1"}],"replies":[{"embeddable":true,"href":"http:\/\/www.webviertel.at\/hsfamilblog\/wp-json\/wp\/v2\/comments?post=274"}],"version-history":[{"count":5,"href":"http:\/\/www.webviertel.at\/hsfamilblog\/wp-json\/wp\/v2\/pages\/274\/revisions"}],"predecessor-version":[{"id":1142,"href":"http:\/\/www.webviertel.at\/hsfamilblog\/wp-json\/wp\/v2\/pages\/274\/revisions\/1142"}],"up":[{"embeddable":true,"href":"http:\/\/www.webviertel.at\/hsfamilblog\/wp-json\/wp\/v2\/pages\/277"}],"wp:attachment":[{"href":"http:\/\/www.webviertel.at\/hsfamilblog\/wp-json\/wp\/v2\/media?parent=274"}],"curies":[{"name":"wp","href":"https:\/\/api.w.org\/{rel}","templated":true}]}}