{"id":310,"date":"2017-02-06T16:40:55","date_gmt":"2017-02-06T15:40:55","guid":{"rendered":"http:\/\/www.webviertel.at\/hsfamilblog\/?page_id=310"},"modified":"2017-12-29T21:19:54","modified_gmt":"2017-12-29T20:19:54","slug":"310-2","status":"publish","type":"page","link":"http:\/\/www.webviertel.at\/hsfamilblog\/kinderbuecher\/310-2\/","title":{"rendered":"Frida die kleine Waldhexe"},"content":{"rendered":"<p><img loading=\"lazy\" class=\"alignnone wp-image-860 size-full\" src=\"http:\/\/www.webviertel.at\/hsfamilblog\/wp-content\/uploads\/2017\/12\/hexe.jpg\" alt=\"\" width=\"600\" height=\"800\" srcset=\"http:\/\/www.webviertel.at\/hsfamilblog\/wp-content\/uploads\/2017\/12\/hexe.jpg 600w, http:\/\/www.webviertel.at\/hsfamilblog\/wp-content\/uploads\/2017\/12\/hexe-225x300.jpg 225w\" sizes=\"(max-width: 600px) 100vw, 600px\" \/><img loading=\"lazy\" style=\"border: none !important; margin: 0px !important;\" src=\"https:\/\/ir-de.amazon-adsystem.com\/e\/ir?t=webviertelat-21&amp;l=li3&amp;o=3&amp;a=B010IL41YQ\" alt=\"\" width=\"1\" height=\"1\" border=\"0\" \/><\/p>\n<p><img loading=\"lazy\" style=\"border: none !important; margin: 0px !important;\" src=\"https:\/\/ir-de.amazon-adsystem.com\/e\/ir?t=webviertelat-21&amp;l=li2&amp;o=3&amp;a=B010IL41YQ\" alt=\"\" width=\"1\" height=\"1\" border=\"0\" \/>Das Buch handelt von einer kleine schusseligen Hexe die gern vergisst ihre Kr\u00e4uter zu beschriften.<\/p>\n<p>Als sie dann\u00a0 f\u00fcr den gro\u00dfen Zauberer beim Hexentreffen eine Suppe machen soll wird ihr genau das zum Verh\u00e4ngnis. Was hat die kleine Hexe nun da wieder gezaubert.<\/p>\n<p>Die kleine Hexe erinnert mich sehr an mich selber und an meine Schusseligkeit vielleicht mag ich deswegen das Buch so gerne.<\/p>\n<p>Unter der ISBN Nr. 978-3-401-70537-8 kann man das Buch in jeder Buchhandlung bestellen.<\/p>\n","protected":false},"excerpt":{"rendered":"<p>Das Buch handelt von einer kleine schusseligen Hexe die gern vergisst ihre Kr\u00e4uter zu beschriften. Als sie dann\u00a0 f\u00fcr den gro\u00dfen Zauberer beim Hexentreffen eine Suppe machen soll wird ihr genau das zum Verh\u00e4ngnis. Was hat die kleine Hexe nun <a class=\"more-link\" href=\"http:\/\/www.webviertel.at\/hsfamilblog\/kinderbuecher\/310-2\/\">weiterlesen  <span class=\"screen-reader-text\">  Frida die kleine Waldhexe<\/span><span class=\"meta-nav\">&rarr;<\/span><\/a><\/p>\n","protected":false},"author":1,"featured_media":0,"parent":235,"menu_order":0,"comment_status":"closed","ping_status":"closed","template":"","meta":[],"_links":{"self":[{"href":"http:\/\/www.webviertel.at\/hsfamilblog\/wp-json\/wp\/v2\/pages\/310"}],"collection":[{"href":"http:\/\/www.webviertel.at\/hsfamilblog\/wp-json\/wp\/v2\/pages"}],"about":[{"href":"http:\/\/www.webviertel.at\/hsfamilblog\/wp-json\/wp\/v2\/types\/page"}],"author":[{"embeddable":true,"href":"http:\/\/www.webviertel.at\/hsfamilblog\/wp-json\/wp\/v2\/users\/1"}],"replies":[{"embeddable":true,"href":"http:\/\/www.webviertel.at\/hsfamilblog\/wp-json\/wp\/v2\/comments?post=310"}],"version-history":[{"count":9,"href":"http:\/\/www.webviertel.at\/hsfamilblog\/wp-json\/wp\/v2\/pages\/310\/revisions"}],"predecessor-version":[{"id":865,"href":"http:\/\/www.webviertel.at\/hsfamilblog\/wp-json\/wp\/v2\/pages\/310\/revisions\/865"}],"up":[{"embeddable":true,"href":"http:\/\/www.webviertel.at\/hsfamilblog\/wp-json\/wp\/v2\/pages\/235"}],"wp:attachment":[{"href":"http:\/\/www.webviertel.at\/hsfamilblog\/wp-json\/wp\/v2\/media?parent=310"}],"curies":[{"name":"wp","href":"https:\/\/api.w.org\/{rel}","templated":true}]}}