{"id":620,"date":"2017-10-03T09:07:28","date_gmt":"2017-10-03T07:07:28","guid":{"rendered":"http:\/\/www.webviertel.at\/hsfamilblog\/?page_id=620"},"modified":"2020-03-24T10:39:21","modified_gmt":"2020-03-24T09:39:21","slug":"kraeuterstueberl","status":"publish","type":"page","link":"http:\/\/www.webviertel.at\/hsfamilblog\/kraeuterstueberl\/","title":{"rendered":"Alternativ Greissler"},"content":{"rendered":"<p>Willkommen beim alternativ Greissler. Fr\u00fcher hat man beim Greissler alles bekommen, was man so brauchte. Von Kr\u00e4uter bis zum Stoff. Auch hier bei uns bekommst du viele Sachen die ein alternatives Leben erleichtern. Alles, was du hier findest wurde von uns selber hergestellt, oder bei uns angebaut.<\/p>\n<h1><span style=\"color: #339966;\">Samen<\/span><\/h1>\n<p>Die Sament\u00fcte beinhaltet 2 Essl\u00f6ffel Samen. Je Samen T\u00fcte w\u00fcrde ich gerne einen Unkostenbeitrag von 1 Eur haben. Versand kommt noch dazu.<br \/>\n<a href=\"http:\/\/www.webviertel.at\/hsfamilblog\/?page_id=874&amp;preview=true\"><img loading=\"lazy\" class=\"alignnone wp-image-673 size-thumbnail\" src=\"http:\/\/www.webviertel.at\/hsfamilblog\/wp-content\/uploads\/2017\/10\/DSC_3559-150x150.jpg\" alt=\"Ringelblume\" width=\"105\" height=\"105\" \/><\/a><a><img loading=\"lazy\" class=\"alignnone wp-image-642 size-thumbnail\" src=\"http:\/\/www.webviertel.at\/hsfamilblog\/wp-content\/uploads\/2017\/09\/11111155_1103703822990916_5918245762636442277_o1-150x150.jpg\" alt=\"\" width=\"105\" height=\"105\" \/><\/a><a href=\"http:\/\/www.webviertel.at\/hsfamilblog\/?page_id=877&amp;preview=true\"><img loading=\"lazy\" class=\"alignnone wp-image-639 size-thumbnail\" src=\"http:\/\/www.webviertel.at\/hsfamilblog\/wp-content\/uploads\/2017\/09\/10445460_859389630755671_6534251298001648919_n1-150x150.jpg\" alt=\"\" width=\"105\" height=\"105\" \/><\/a><a><img loading=\"lazy\" class=\"alignnone wp-image-666 size-thumbnail\" src=\"http:\/\/www.webviertel.at\/hsfamilblog\/wp-content\/uploads\/2017\/10\/DSC_2664-150x150.jpg\" alt=\"\" width=\"105\" height=\"105\" \/><\/a><a href=\"http:\/\/www.webviertel.at\/hsfamilblog\/kraeuterstueberl\/nachtkerze\/\"><img loading=\"lazy\" class=\"alignnone wp-image-643 \" src=\"http:\/\/www.webviertel.at\/hsfamilblog\/wp-content\/uploads\/2017\/09\/10608188_910454452315855_4510806388259517878_o-150x150.jpg\" alt=\"\" width=\"105\" height=\"105\" \/><\/a><\/p>\n<p>Ringelblume\u00a0\u00a0\u00a0\u00a0\u00a0\u00a0\u00a0 Stockrose \u00a0 \u00a0 \u00a0 \u00a0\u00a0 Malve\u00a0\u00a0\u00a0\u00a0\u00a0\u00a0\u00a0\u00a0\u00a0\u00a0\u00a0\u00a0 Nachtviole\u00a0\u00a0\u00a0\u00a0\u00a0\u00a0 Nachtkerze<\/p>\n<h6><\/h6>\n<h6><\/h6>\n<h6><\/h6>\n<p><span style=\"color: #008080;\">\u00a0<\/span><\/p>\n<p><span style=\"color: #008080;\">\u00a0<\/span><\/p>\n<p><!-- Start of StatCounter Code for Default Guide --><\/p>\n<p><noscript><\/p>\n<div class=\"statcounter\"><a title=\"web analytics\" href=\"http:\/\/statcounter.com\/\" target=\"_blank\" rel=\"noopener noreferrer\"><img class=\"statcounter\" src=\"\/\/c.statcounter.com\/11249383\/0\/c886d39c\/1\/\" alt=\"web analytics\"><\/a><\/div>\n<p><\/noscript><br \/>\n<!-- End of StatCounter Code for Default Guide --><\/p>\n","protected":false},"excerpt":{"rendered":"<p>Willkommen beim alternativ Greissler. Fr\u00fcher hat man beim Greissler alles bekommen, was man so brauchte. Von Kr\u00e4uter bis zum Stoff. Auch hier bei uns bekommst du viele Sachen die ein alternatives Leben erleichtern. Alles, was du hier findest wurde von <a class=\"more-link\" href=\"http:\/\/www.webviertel.at\/hsfamilblog\/kraeuterstueberl\/\">weiterlesen  <span class=\"screen-reader-text\">  Alternativ Greissler<\/span><span class=\"meta-nav\">&rarr;<\/span><\/a><\/p>\n","protected":false},"author":1,"featured_media":0,"parent":0,"menu_order":0,"comment_status":"closed","ping_status":"closed","template":"","meta":[],"_links":{"self":[{"href":"http:\/\/www.webviertel.at\/hsfamilblog\/wp-json\/wp\/v2\/pages\/620"}],"collection":[{"href":"http:\/\/www.webviertel.at\/hsfamilblog\/wp-json\/wp\/v2\/pages"}],"about":[{"href":"http:\/\/www.webviertel.at\/hsfamilblog\/wp-json\/wp\/v2\/types\/page"}],"author":[{"embeddable":true,"href":"http:\/\/www.webviertel.at\/hsfamilblog\/wp-json\/wp\/v2\/users\/1"}],"replies":[{"embeddable":true,"href":"http:\/\/www.webviertel.at\/hsfamilblog\/wp-json\/wp\/v2\/comments?post=620"}],"version-history":[{"count":34,"href":"http:\/\/www.webviertel.at\/hsfamilblog\/wp-json\/wp\/v2\/pages\/620\/revisions"}],"predecessor-version":[{"id":1183,"href":"http:\/\/www.webviertel.at\/hsfamilblog\/wp-json\/wp\/v2\/pages\/620\/revisions\/1183"}],"wp:attachment":[{"href":"http:\/\/www.webviertel.at\/hsfamilblog\/wp-json\/wp\/v2\/media?parent=620"}],"curies":[{"name":"wp","href":"https:\/\/api.w.org\/{rel}","templated":true}]}}