{"id":744,"date":"2017-12-10T21:59:38","date_gmt":"2017-12-10T20:59:38","guid":{"rendered":"http:\/\/www.webviertel.at\/hsfamilblog\/?page_id=744"},"modified":"2020-03-21T16:10:26","modified_gmt":"2020-03-21T15:10:26","slug":"bekleitung-fuer-hochsensible-menschen","status":"publish","type":"page","link":"http:\/\/www.webviertel.at\/hsfamilblog\/bekleitung-fuer-hochsensible-menschen\/","title":{"rendered":"Wie kannst du uns Unterst\u00fczen"},"content":{"rendered":"<p><img loading=\"lazy\" class=\"alignnone wp-image-519 size-full\" src=\"http:\/\/www.webviertel.at\/hsfamilblog\/wp-content\/uploads\/2017\/08\/cropped-DSC_2011.jpg\" alt=\"\" width=\"1500\" height=\"600\" srcset=\"http:\/\/www.webviertel.at\/hsfamilblog\/wp-content\/uploads\/2017\/08\/cropped-DSC_2011.jpg 1500w, http:\/\/www.webviertel.at\/hsfamilblog\/wp-content\/uploads\/2017\/08\/cropped-DSC_2011-300x120.jpg 300w, http:\/\/www.webviertel.at\/hsfamilblog\/wp-content\/uploads\/2017\/08\/cropped-DSC_2011-768x307.jpg 768w, http:\/\/www.webviertel.at\/hsfamilblog\/wp-content\/uploads\/2017\/08\/cropped-DSC_2011-1024x410.jpg 1024w\" sizes=\"(max-width: 1500px) 100vw, 1500px\" \/><\/p>\n<p>Du m\u00f6chtest mich Unterst\u00fctzen. Erst einmal ein gro\u00dfes Dankesch\u00f6n. Es gibt viele M\u00f6glichkeiten und jede noch so kleine Spende kann uns unterst\u00fctzen.<\/p>\n<p>1. Mit einen Einkauf in der <a href=\"http:\/\/www.webviertel.at\/hsfamilblog\/?page_id=620\">alternativen Greisslerei\u00a0<\/a><\/p>\n<p>Es werden selbst gemachtes , aber auch Samen aus unseren Biogarten angeboten.\u00a0 Die Kunstwerke von meinen Mann k\u00f6nnen\u00a0 auch in der alternativen Greisslerei erworben werden.<\/p>\n<p>Schaut doch mal vorbei!<\/p>\n<p>2. Mit einen Wertsch\u00e4tzungsbeitrag<\/p>\n<p>Wie hoch dieser Beitrag ist bestimmst du selber. Jeder Euro z\u00e4hlt. Du kannst meinen Kinder symbolisch ein Buch kaufen oder die ganze Familie auf einen Kaffee einladen und auch meine Selbstversorgung unterst\u00fctzen.<\/p>\n<p>Also zum Beispiel so:<\/p>\n<p>Kleine Aufmerksamkeit\u00a0 : 5 \u20ac\u00a0\u00a0\u00a0\u00a0\u00a0\u00a0\u00a0\u00a0\u00a0\u00a0\u00a0\u00a0\u00a0\u00a0\u00a0\u00a0\u00a0\u00a0\u00a0\u00a0\u00a0\u00a0\u00a0\u00a0\u00a0\u00a0\u00a0\u00a0\u00a0\u00a0\u00a0\u00a0\u00a0\u00a0\u00a0\u00a0\u00a0\u00a0\u00a0\u00a0\u00a0\u00a0\u00a0\u00a0\u00a0\u00a0\u00a0\u00a0\u00a0\u00a0\u00a0\u00a0\u00a0\u00a0\u00a0\u00a0\u00a0\u00a0\u00a0\u00a0\u00a0\u00a0\u00a0\u00a0\u00a0\u00a0\u00a0\u00a0\u00a0\u00a0\u00a0\u00a0\u00a0\u00a0\u00a0\u00a0\u00a0\u00a0\u00a0\u00a0\u00a0\u00a0\u00a0\u00a0 Ein Kinderbuch: 10-15 \u20ac<br \/>\nKaffee und Kuchen in unsern Lieblingskaffee: 20 bis 25 \u20ac<br \/>\nH\u00fchnerfutter f\u00fcr ein Jahr: 40 \u20ac<br \/>\nDer Wocheneinkauf: 80-100 \u20ac<\/p>\n<p>Hier kannst du mir ganz unkompliziert \u00fcber PayPal den Wertsch\u00e4tzungsbeitrag\u00a0 zukommen lassen.<\/p>\n<p><!-- Start of StatCounter Code for Default Guide --><\/p>\n<p><noscript><\/p>\n<div class=\"statcounter\"><a title=\"web analytics\" href=\"http:\/\/statcounter.com\/\" target=\"_blank\" rel=\"noopener noreferrer\"><img class=\"statcounter\" src=\"\/\/c.statcounter.com\/11249383\/0\/c886d39c\/1\/\" alt=\"web analytics\"><\/a><\/div>\n<p><\/noscript><br \/>\n<!-- End of StatCounter Code for Default Guide --><\/p>\n","protected":false},"excerpt":{"rendered":"<p>Du m\u00f6chtest mich Unterst\u00fctzen. Erst einmal ein gro\u00dfes Dankesch\u00f6n. Es gibt viele M\u00f6glichkeiten und jede noch so kleine Spende kann uns unterst\u00fctzen. 1. Mit einen Einkauf in der alternativen Greisslerei\u00a0 Es werden selbst gemachtes , aber auch Samen aus unseren <a class=\"more-link\" href=\"http:\/\/www.webviertel.at\/hsfamilblog\/bekleitung-fuer-hochsensible-menschen\/\">weiterlesen  <span class=\"screen-reader-text\">  Wie kannst du uns Unterst\u00fczen<\/span><span class=\"meta-nav\">&rarr;<\/span><\/a><\/p>\n","protected":false},"author":1,"featured_media":0,"parent":0,"menu_order":0,"comment_status":"closed","ping_status":"closed","template":"","meta":[],"_links":{"self":[{"href":"http:\/\/www.webviertel.at\/hsfamilblog\/wp-json\/wp\/v2\/pages\/744"}],"collection":[{"href":"http:\/\/www.webviertel.at\/hsfamilblog\/wp-json\/wp\/v2\/pages"}],"about":[{"href":"http:\/\/www.webviertel.at\/hsfamilblog\/wp-json\/wp\/v2\/types\/page"}],"author":[{"embeddable":true,"href":"http:\/\/www.webviertel.at\/hsfamilblog\/wp-json\/wp\/v2\/users\/1"}],"replies":[{"embeddable":true,"href":"http:\/\/www.webviertel.at\/hsfamilblog\/wp-json\/wp\/v2\/comments?post=744"}],"version-history":[{"count":18,"href":"http:\/\/www.webviertel.at\/hsfamilblog\/wp-json\/wp\/v2\/pages\/744\/revisions"}],"predecessor-version":[{"id":1179,"href":"http:\/\/www.webviertel.at\/hsfamilblog\/wp-json\/wp\/v2\/pages\/744\/revisions\/1179"}],"wp:attachment":[{"href":"http:\/\/www.webviertel.at\/hsfamilblog\/wp-json\/wp\/v2\/media?parent=744"}],"curies":[{"name":"wp","href":"https:\/\/api.w.org\/{rel}","templated":true}]}}