{"id":874,"date":"2018-01-11T08:47:23","date_gmt":"2018-01-11T07:47:23","guid":{"rendered":"http:\/\/www.webviertel.at\/hsfamilblog\/?page_id=874"},"modified":"2018-01-11T08:52:29","modified_gmt":"2018-01-11T07:52:29","slug":"ringelblume","status":"publish","type":"page","link":"http:\/\/www.webviertel.at\/hsfamilblog\/kraeuterstueberl\/ringelblume\/","title":{"rendered":"Ringelblume"},"content":{"rendered":"<p><img loading=\"lazy\" class=\"alignnone wp-image-673 size-large\" src=\"http:\/\/www.webviertel.at\/hsfamilblog\/wp-content\/uploads\/2017\/10\/DSC_3559-1024x680.jpg\" alt=\"\" width=\"530\" height=\"352\" srcset=\"http:\/\/www.webviertel.at\/hsfamilblog\/wp-content\/uploads\/2017\/10\/DSC_3559-1024x680.jpg 1024w, http:\/\/www.webviertel.at\/hsfamilblog\/wp-content\/uploads\/2017\/10\/DSC_3559-300x199.jpg 300w, http:\/\/www.webviertel.at\/hsfamilblog\/wp-content\/uploads\/2017\/10\/DSC_3559-768x510.jpg 768w\" sizes=\"(max-width: 530px) 100vw, 530px\" \/><\/p>\n<p>Ringelblumen sind bei uns im Garten fast \u00fcberall zu finden. Im Gem\u00fcsegarten werden sie gegen Fadenw\u00fcrmer eingesetzt und ich pflanze sie in Reihen zwischen dem Gem\u00fcse. Sie bl\u00fchen von Juni bis zum ersten Frost und hie und da sogar dar\u00fcber hinaus. F\u00fcr eine lange Bl\u00fcte schneide ich die verbl\u00fchten K\u00f6pfe ab und lasse erst gegen Ende des Jahres die Samen ausreifen. Sie wird zwischen 30 und 50 cm hoch und erscheint in Farben vom hellem Gelb bis kr\u00e4ftigem Orange mit hellen oder braunen Bl\u00fctenb\u00f6den, gef\u00fcllt oder ungef\u00fcllt.<\/p>\n<p>Bei den Kinder setze ich sie gerne f\u00fcr ein Bad oder als Heilsalbe ein. Auch Ringelblumen\u00f6l wird bei uns immer angesetzt.<\/p>\n<p>&nbsp;<\/p>\n<p><img loading=\"lazy\" class=\"alignnone wp-image-635 size-thumbnail\" src=\"http:\/\/www.webviertel.at\/hsfamilblog\/wp-content\/uploads\/2017\/09\/DSC_3377-150x150.jpg\" alt=\"\" width=\"150\" height=\"150\" \/><img loading=\"lazy\" class=\"alignnone wp-image-672 size-thumbnail\" src=\"http:\/\/www.webviertel.at\/hsfamilblog\/wp-content\/uploads\/2017\/10\/DSC_3558-150x150.jpg\" alt=\"\" width=\"150\" height=\"150\" \/><img loading=\"lazy\" class=\"alignnone wp-image-634 size-thumbnail\" src=\"http:\/\/www.webviertel.at\/hsfamilblog\/wp-content\/uploads\/2017\/09\/13620331_1361556083872354_1881381282100476884_n-150x150.jpg\" alt=\"\" width=\"150\" height=\"150\" \/><img loading=\"lazy\" class=\"alignnone wp-image-633\" src=\"http:\/\/www.webviertel.at\/hsfamilblog\/wp-content\/uploads\/2017\/09\/13754540_1361556047205691_2529839344456606408_n-150x150.jpg\" alt=\"\" width=\"150\" height=\"150\" \/> <img loading=\"lazy\" class=\"alignnone wp-image-893 \" src=\"http:\/\/www.webviertel.at\/hsfamilblog\/wp-content\/uploads\/2018\/01\/DSC_3858-150x150.jpg\" alt=\"\" width=\"150\" height=\"150\" \/><\/p>\n","protected":false},"excerpt":{"rendered":"<p>Ringelblumen sind bei uns im Garten fast \u00fcberall zu finden. Im Gem\u00fcsegarten werden sie gegen Fadenw\u00fcrmer eingesetzt und ich pflanze sie in Reihen zwischen dem Gem\u00fcse. Sie bl\u00fchen von Juni bis zum ersten Frost und hie und da sogar dar\u00fcber <a class=\"more-link\" href=\"http:\/\/www.webviertel.at\/hsfamilblog\/kraeuterstueberl\/ringelblume\/\">weiterlesen  <span class=\"screen-reader-text\">  Ringelblume<\/span><span class=\"meta-nav\">&rarr;<\/span><\/a><\/p>\n","protected":false},"author":1,"featured_media":0,"parent":620,"menu_order":0,"comment_status":"closed","ping_status":"closed","template":"","meta":[],"_links":{"self":[{"href":"http:\/\/www.webviertel.at\/hsfamilblog\/wp-json\/wp\/v2\/pages\/874"}],"collection":[{"href":"http:\/\/www.webviertel.at\/hsfamilblog\/wp-json\/wp\/v2\/pages"}],"about":[{"href":"http:\/\/www.webviertel.at\/hsfamilblog\/wp-json\/wp\/v2\/types\/page"}],"author":[{"embeddable":true,"href":"http:\/\/www.webviertel.at\/hsfamilblog\/wp-json\/wp\/v2\/users\/1"}],"replies":[{"embeddable":true,"href":"http:\/\/www.webviertel.at\/hsfamilblog\/wp-json\/wp\/v2\/comments?post=874"}],"version-history":[{"count":8,"href":"http:\/\/www.webviertel.at\/hsfamilblog\/wp-json\/wp\/v2\/pages\/874\/revisions"}],"predecessor-version":[{"id":902,"href":"http:\/\/www.webviertel.at\/hsfamilblog\/wp-json\/wp\/v2\/pages\/874\/revisions\/902"}],"up":[{"embeddable":true,"href":"http:\/\/www.webviertel.at\/hsfamilblog\/wp-json\/wp\/v2\/pages\/620"}],"wp:attachment":[{"href":"http:\/\/www.webviertel.at\/hsfamilblog\/wp-json\/wp\/v2\/media?parent=874"}],"curies":[{"name":"wp","href":"https:\/\/api.w.org\/{rel}","templated":true}]}}